{"id":1201,"date":"2025-10-20T20:49:43","date_gmt":"2025-10-20T20:49:43","guid":{"rendered":"https:\/\/lavender-hawk-711839.hostingersite.com\/home\/"},"modified":"2025-10-21T16:06:20","modified_gmt":"2025-10-21T16:06:20","slug":"home","status":"publish","type":"page","link":"https:\/\/fatihplastik.online\/","title":{"rendered":"FAT\u0130H PLAST\u0130K \u0130STANBULDAN T\u00dcRK\u0130YEN\u0130N HER YER\u0130NE."},"content":{"rendered":"\n<p><\/p>\n\n\n\n<div class=\"wp-block-uagb-container uagb-block-78bf713a alignfull uagb-is-root-container\"><div class=\"uagb-container-inner-blocks-wrap\">\n<div class=\"wp-block-uagb-container uagb-layout-grid uagb-block-78263ff5 alignfull uagb-is-root-container\"><div class=\"uagb-container-inner-blocks-wrap\">\n<div class=\"wp-block-uagb-info-box uagb-block-d5ea2e8c uagb-infobox__content-wrap  uagb-infobox-icon-above-title uagb-infobox-image-valign-top\"><div class=\"uagb-ifb-content\"><div class=\"uagb-ifb-title-wrap\"><h5 class=\"uagb-ifb-title\">FAT\u0130H PLAST\u0130K <\/h5><\/div><div class=\"uagb-ifb-separator\"><\/div><p class=\"uagb-ifb-desc\"><br><strong>T\u00dcRK\u0130YEN\u0130N HER YER\u0130NE AMBAR VE KARGO \u0130LE G\u00d6NDER\u0130M SAGLIYORUZ<\/strong><\/p><div class=\"uagb-ifb-button-wrapper wp-block-button\"><a href=\"#\" class=\"uagb-infobox-cta-link wp-block-button__link\" target=\"_self\" rel=\"noopener noreferrer\" onclick=\"return false;\"><span class=\"uagb-inline-editing\">Contact Me<\/span><\/a><\/div><\/div><\/div>\n\n\n\n<div class=\"wp-block-group is-nowrap is-layout-flex wp-container-core-group-is-layout-6c531013 wp-block-group-is-layout-flex\">\n<figure class=\"wp-block-image size-full\"><img loading=\"lazy\" decoding=\"async\" width=\"818\" height=\"608\" src=\"https:\/\/fatihplastik.online\/wp-content\/uploads\/2025\/10\/c828617d-3a5a-42b7-a0be-2991d7950b71.png\" alt=\"c828617d 3a5a 42b7 a0be 2991d7950b71\" class=\"wp-image-2682\" title=\"FAT\u0130H PLAST\u0130K \u0130STANBULDAN T\u00dcRK\u0130YEN\u0130N HER YER\u0130NE.\" srcset=\"https:\/\/fatihplastik.online\/wp-content\/uploads\/2025\/10\/c828617d-3a5a-42b7-a0be-2991d7950b71.png 818w, https:\/\/fatihplastik.online\/wp-content\/uploads\/2025\/10\/c828617d-3a5a-42b7-a0be-2991d7950b71-300x223.png 300w, https:\/\/fatihplastik.online\/wp-content\/uploads\/2025\/10\/c828617d-3a5a-42b7-a0be-2991d7950b71-768x571.png 768w\" sizes=\"auto, (max-width: 818px) 100vw, 818px\" \/><\/figure>\n<\/div>\n<\/div><\/div>\n<\/div><\/div>\n\n\n\n<div class=\"wp-block-uagb-container uagb-block-46b13604 alignfull uagb-is-root-container\"><div class=\"uagb-container-inner-blocks-wrap\">\n<div class=\"wp-block-uagb-info-box uagb-block-d20e04c1 uagb-infobox__content-wrap  uagb-infobox-icon-above-title uagb-infobox-image-valign-top\"><div class=\"uagb-ifb-content\"><div class=\"uagb-ifb-title-wrap\"><h3 class=\"uagb-ifb-title\">PLAST\u0130K KUTU CEKMECELER\u0130M\u0130Z<\/h3><\/div><div class=\"uagb-ifb-separator\"><\/div><\/div><\/div>\n\n\n\n\n\n<div class=\"wp-block-uagb-container uagb-block-12ab1e83 alignfull uagb-is-root-container\"><div class=\"uagb-container-inner-blocks-wrap\">\n<div class=\"wp-block-uagb-container uagb-block-c1069256\">\n<figure class=\"wp-block-image size-full\"><img loading=\"lazy\" decoding=\"async\" width=\"817\" height=\"607\" src=\"https:\/\/fatihplastik.online\/wp-content\/uploads\/2025\/10\/22.jpg\" alt=\"22\" class=\"wp-image-2684\" title=\"FAT\u0130H PLAST\u0130K \u0130STANBULDAN T\u00dcRK\u0130YEN\u0130N HER YER\u0130NE.\" srcset=\"https:\/\/fatihplastik.online\/wp-content\/uploads\/2025\/10\/22.jpg 817w, https:\/\/fatihplastik.online\/wp-content\/uploads\/2025\/10\/22-300x223.jpg 300w, https:\/\/fatihplastik.online\/wp-content\/uploads\/2025\/10\/22-768x571.jpg 768w\" sizes=\"auto, (max-width: 817px) 100vw, 817px\" \/><\/figure>\n<\/div>\n\n\n\n<div class=\"wp-block-uagb-container uagb-block-c0a5ce4c\">\n<figure class=\"wp-block-gallery has-nested-images columns-default is-cropped wp-block-gallery-1 is-layout-flex wp-block-gallery-is-layout-flex\">\n<figure class=\"wp-block-image size-large\"><img loading=\"lazy\" decoding=\"async\" width=\"576\" height=\"1024\" data-id=\"2725\" src=\"https:\/\/fatihplastik.online\/wp-content\/uploads\/2025\/10\/IMG-20251017-WA0004-576x1024.jpg\" alt=\"img 20251017 wa0004\" class=\"wp-image-2725\" title=\"FAT\u0130H PLAST\u0130K \u0130STANBULDAN T\u00dcRK\u0130YEN\u0130N HER YER\u0130NE.\" srcset=\"https:\/\/fatihplastik.online\/wp-content\/uploads\/2025\/10\/IMG-20251017-WA0004-576x1024.jpg 576w, https:\/\/fatihplastik.online\/wp-content\/uploads\/2025\/10\/IMG-20251017-WA0004-169x300.jpg 169w, https:\/\/fatihplastik.online\/wp-content\/uploads\/2025\/10\/IMG-20251017-WA0004-768x1365.jpg 768w, https:\/\/fatihplastik.online\/wp-content\/uploads\/2025\/10\/IMG-20251017-WA0004-864x1536.jpg 864w, https:\/\/fatihplastik.online\/wp-content\/uploads\/2025\/10\/IMG-20251017-WA0004.jpg 1152w\" sizes=\"auto, (max-width: 576px) 100vw, 576px\" \/><\/figure>\n<\/figure>\n<\/div>\n<\/div><\/div>\n\n\n\n<figure class=\"wp-block-image size-full\"><img loading=\"lazy\" decoding=\"async\" width=\"818\" height=\"608\" src=\"https:\/\/fatihplastik.online\/wp-content\/uploads\/2025\/10\/5.png\" alt=\"5\" class=\"wp-image-2665\" title=\"FAT\u0130H PLAST\u0130K \u0130STANBULDAN T\u00dcRK\u0130YEN\u0130N HER YER\u0130NE.\" srcset=\"https:\/\/fatihplastik.online\/wp-content\/uploads\/2025\/10\/5.png 818w, https:\/\/fatihplastik.online\/wp-content\/uploads\/2025\/10\/5-300x223.png 300w, https:\/\/fatihplastik.online\/wp-content\/uploads\/2025\/10\/5-768x571.png 768w\" sizes=\"auto, (max-width: 818px) 100vw, 818px\" \/><\/figure>\n\n\n\n<figure class=\"wp-block-image size-full\"><img loading=\"lazy\" decoding=\"async\" width=\"1024\" height=\"768\" src=\"https:\/\/fatihplastik.online\/wp-content\/uploads\/2025\/10\/Set-165-1.jpg\" alt=\"set 165\" class=\"wp-image-2679\" title=\"FAT\u0130H PLAST\u0130K \u0130STANBULDAN T\u00dcRK\u0130YEN\u0130N HER YER\u0130NE.\" srcset=\"https:\/\/fatihplastik.online\/wp-content\/uploads\/2025\/10\/Set-165-1.jpg 1024w, https:\/\/fatihplastik.online\/wp-content\/uploads\/2025\/10\/Set-165-1-300x225.jpg 300w, https:\/\/fatihplastik.online\/wp-content\/uploads\/2025\/10\/Set-165-1-768x576.jpg 768w\" sizes=\"auto, (max-width: 1024px) 100vw, 1024px\" \/><\/figure>\n\n\n\n<div class=\"wp-block-uagb-container uagb-block-20f32063 alignfull uagb-is-root-container\"><div class=\"uagb-container-inner-blocks-wrap\">\n<div class=\"wp-block-uagb-container uagb-block-cdbb7f12\">\n<div class=\"wp-block-uagb-image uagb-block-202342ad wp-block-uagb-image--layout-default wp-block-uagb-image--effect-static wp-block-uagb-image--align-none\"><figure class=\"wp-block-uagb-image__figure\"><img decoding=\"async\" sizes=\"auto, (max-width: 480px) 150px\" src=\"https:\/\/fatihplastik.online\/wp-content\/uploads\/2025\/10\/pr_01_1145.webp\" alt=\"Pr 01 1145\" width=\"280\" height=\"176\" title=\"FAT\u0130H PLAST\u0130K \u0130STANBULDAN T\u00dcRK\u0130YEN\u0130N HER YER\u0130NE.\" loading=\"lazy\" role=\"img\"><\/figure><\/div>\n<\/div>\n<\/div><\/div>\n<\/div><\/div>\n\n\n\n<div class=\"wp-block-uagb-container uagb-block-bc61caa3 alignfull uagb-is-root-container\"><\/div>\n\n\n\n<div class=\"wp-block-uagb-container uagb-block-496163b7 alignfull uagb-is-root-container\"><div class=\"uagb-container-inner-blocks-wrap\">\n<div class=\"wp-block-uagb-info-box uagb-block-3fe81058 uagb-infobox__content-wrap  uagb-infobox-icon-above-title uagb-infobox-image-valign-top\"><div class=\"uagb-ifb-content\"><div class=\"uagb-ifb-title-wrap\"><h3 class=\"uagb-ifb-title\">P.A SER\u0130S\u0130 AVADANLIKLARIMIZ<\/h3><\/div><div class=\"uagb-ifb-separator\"><\/div><\/div><\/div>\n\n\n\n<div class=\"wp-block-uagb-container uagb-block-d019377b alignfull uagb-is-root-container\"><div class=\"uagb-container-inner-blocks-wrap\">\n<div class=\"wp-block-uagb-container uagb-block-f48d2b0c\">      \n\t\t\t<div class=\"uagb-icon-wrapper uagb-block-60c5f9a2      \"\n\t\t\tstyle=\"\" >\n\t\t\t\t\t\t\t\t\t<span class=\"uagb-svg-wrapper\" \n\t\t\t\t\t aria-label=\"quote-left\"\t\t\t\t\ttabindex=\"0\">\t\t\n\t\t\t\t\t\t\t\t\t\t<svg xmlns=\"https:\/\/www.w3.org\/2000\/svg\" viewBox= \"0 0 448 512\" role=\"graphics-symbol\" aria-hidden=\"false\" aria-label=\"\"><path d=\"M96 224C84.72 224 74.05 226.3 64 229.9V224c0-35.3 28.7-64 64-64c17.67 0 32-14.33 32-32S145.7 96 128 96C57.42 96 0 153.4 0 224v96c0 53.02 42.98 96 96 96s96-42.98 96-96S149 224 96 224zM352 224c-11.28 0-21.95 2.305-32 5.879V224c0-35.3 28.7-64 64-64c17.67 0 32-14.33 32-32s-14.33-32-32-32c-70.58 0-128 57.42-128 128v96c0 53.02 42.98 96 96 96s96-42.98 96-96S405 224 352 224z\"><\/path><\/svg>\n\t\t\t\t\t\t\t\t\t<\/span>\n\t\t\t\t\t\t\t<\/div>\n\t\t\t\n\n\n<figure class=\"wp-block-image size-full\"><img loading=\"lazy\" decoding=\"async\" width=\"818\" height=\"608\" src=\"https:\/\/fatihplastik.online\/wp-content\/uploads\/2025\/10\/3.png\" alt=\"3\" class=\"wp-image-2664\" title=\"FAT\u0130H PLAST\u0130K \u0130STANBULDAN T\u00dcRK\u0130YEN\u0130N HER YER\u0130NE.\" srcset=\"https:\/\/fatihplastik.online\/wp-content\/uploads\/2025\/10\/3.png 818w, https:\/\/fatihplastik.online\/wp-content\/uploads\/2025\/10\/3-300x223.png 300w, https:\/\/fatihplastik.online\/wp-content\/uploads\/2025\/10\/3-768x571.png 768w\" sizes=\"auto, (max-width: 818px) 100vw, 818px\" \/><\/figure>\n\n\n\n<div class=\"wp-block-group is-nowrap is-layout-flex wp-container-core-group-is-layout-6c531013 wp-block-group-is-layout-flex\"><\/div>\n<\/div>\n\n\n\n<div class=\"wp-block-uagb-container uagb-block-ce30c46f\">      \n\t\t\t<div class=\"uagb-icon-wrapper uagb-block-21687caf      \"\n\t\t\tstyle=\"\" >\n\t\t\t\t\t\t\t\t\t<span class=\"uagb-svg-wrapper\" \n\t\t\t\t\t aria-label=\"quote-left\"\t\t\t\t\ttabindex=\"0\">\t\t\n\t\t\t\t\t\t\t\t\t\t<svg xmlns=\"https:\/\/www.w3.org\/2000\/svg\" viewBox= \"0 0 448 512\" role=\"graphics-symbol\" aria-hidden=\"false\" aria-label=\"\"><path d=\"M96 224C84.72 224 74.05 226.3 64 229.9V224c0-35.3 28.7-64 64-64c17.67 0 32-14.33 32-32S145.7 96 128 96C57.42 96 0 153.4 0 224v96c0 53.02 42.98 96 96 96s96-42.98 96-96S149 224 96 224zM352 224c-11.28 0-21.95 2.305-32 5.879V224c0-35.3 28.7-64 64-64c17.67 0 32-14.33 32-32s-14.33-32-32-32c-70.58 0-128 57.42-128 128v96c0 53.02 42.98 96 96 96s96-42.98 96-96S405 224 352 224z\"><\/path><\/svg>\n\t\t\t\t\t\t\t\t\t<\/span>\n\t\t\t\t\t\t\t<\/div>\n\t\t\t\n\n\n<figure class=\"wp-block-image size-full\"><img loading=\"lazy\" decoding=\"async\" width=\"818\" height=\"608\" src=\"https:\/\/fatihplastik.online\/wp-content\/uploads\/2025\/10\/2.png\" alt=\"2\" class=\"wp-image-2663\" title=\"FAT\u0130H PLAST\u0130K \u0130STANBULDAN T\u00dcRK\u0130YEN\u0130N HER YER\u0130NE.\" srcset=\"https:\/\/fatihplastik.online\/wp-content\/uploads\/2025\/10\/2.png 818w, https:\/\/fatihplastik.online\/wp-content\/uploads\/2025\/10\/2-300x223.png 300w, https:\/\/fatihplastik.online\/wp-content\/uploads\/2025\/10\/2-768x571.png 768w\" sizes=\"auto, (max-width: 818px) 100vw, 818px\" \/><\/figure>\n<\/div>\n\n\n\n<div class=\"wp-block-uagb-container uagb-block-6509a9ea\">      \n\t\t\t<div class=\"uagb-icon-wrapper uagb-block-25b3fcde      \"\n\t\t\tstyle=\"\" >\n\t\t\t\t\t\t\t\t\t<span class=\"uagb-svg-wrapper\" \n\t\t\t\t\t aria-label=\"quote-left\"\t\t\t\t\ttabindex=\"0\">\t\t\n\t\t\t\t\t\t\t\t\t\t<svg xmlns=\"https:\/\/www.w3.org\/2000\/svg\" viewBox= \"0 0 448 512\" role=\"graphics-symbol\" aria-hidden=\"false\" aria-label=\"\"><path d=\"M96 224C84.72 224 74.05 226.3 64 229.9V224c0-35.3 28.7-64 64-64c17.67 0 32-14.33 32-32S145.7 96 128 96C57.42 96 0 153.4 0 224v96c0 53.02 42.98 96 96 96s96-42.98 96-96S149 224 96 224zM352 224c-11.28 0-21.95 2.305-32 5.879V224c0-35.3 28.7-64 64-64c17.67 0 32-14.33 32-32s-14.33-32-32-32c-70.58 0-128 57.42-128 128v96c0 53.02 42.98 96 96 96s96-42.98 96-96S405 224 352 224z\"><\/path><\/svg>\n\t\t\t\t\t\t\t\t\t<\/span>\n\t\t\t\t\t\t\t<\/div>\n\t\t\t\n\n\n<figure class=\"wp-block-image size-full\"><img loading=\"lazy\" decoding=\"async\" width=\"818\" height=\"608\" src=\"https:\/\/fatihplastik.online\/wp-content\/uploads\/2025\/10\/1.png\" alt=\"1\" class=\"wp-image-2662\" title=\"FAT\u0130H PLAST\u0130K \u0130STANBULDAN T\u00dcRK\u0130YEN\u0130N HER YER\u0130NE.\" srcset=\"https:\/\/fatihplastik.online\/wp-content\/uploads\/2025\/10\/1.png 818w, https:\/\/fatihplastik.online\/wp-content\/uploads\/2025\/10\/1-300x223.png 300w, https:\/\/fatihplastik.online\/wp-content\/uploads\/2025\/10\/1-768x571.png 768w\" sizes=\"auto, (max-width: 818px) 100vw, 818px\" \/><\/figure>\n<\/div>\n\n\n\n<figure class=\"wp-block-image size-large\"><img loading=\"lazy\" decoding=\"async\" width=\"1024\" height=\"841\" src=\"https:\/\/fatihplastik.online\/wp-content\/uploads\/2025\/10\/415-1-1024x841.jpg\" alt=\"415\" class=\"wp-image-2711\" title=\"FAT\u0130H PLAST\u0130K \u0130STANBULDAN T\u00dcRK\u0130YEN\u0130N HER YER\u0130NE.\" srcset=\"https:\/\/fatihplastik.online\/wp-content\/uploads\/2025\/10\/415-1-1024x841.jpg 1024w, https:\/\/fatihplastik.online\/wp-content\/uploads\/2025\/10\/415-1-300x246.jpg 300w, https:\/\/fatihplastik.online\/wp-content\/uploads\/2025\/10\/415-1-768x631.jpg 768w, https:\/\/fatihplastik.online\/wp-content\/uploads\/2025\/10\/415-1.jpg 1500w\" sizes=\"auto, (max-width: 1024px) 100vw, 1024px\" \/><\/figure>\n<\/div><\/div>\n\n\n\n<figure class=\"wp-block-image size-full\"><img loading=\"lazy\" decoding=\"async\" width=\"820\" height=\"610\" src=\"https:\/\/fatihplastik.online\/wp-content\/uploads\/2025\/10\/550-1.jpg\" alt=\"550\" class=\"wp-image-2713\" title=\"FAT\u0130H PLAST\u0130K \u0130STANBULDAN T\u00dcRK\u0130YEN\u0130N HER YER\u0130NE.\" srcset=\"https:\/\/fatihplastik.online\/wp-content\/uploads\/2025\/10\/550-1.jpg 820w, https:\/\/fatihplastik.online\/wp-content\/uploads\/2025\/10\/550-1-300x223.jpg 300w, https:\/\/fatihplastik.online\/wp-content\/uploads\/2025\/10\/550-1-768x571.jpg 768w\" sizes=\"auto, (max-width: 820px) 100vw, 820px\" \/><\/figure>\n\n\n\n<figure class=\"wp-block-image size-full\"><img loading=\"lazy\" decoding=\"async\" width=\"750\" height=\"548\" src=\"https:\/\/fatihplastik.online\/wp-content\/uploads\/2025\/10\/Plastik-Avadanlik-A500-2.png\" alt=\"plastik avadanl\u0131k a500\" class=\"wp-image-2714\" title=\"FAT\u0130H PLAST\u0130K \u0130STANBULDAN T\u00dcRK\u0130YEN\u0130N HER YER\u0130NE.\" srcset=\"https:\/\/fatihplastik.online\/wp-content\/uploads\/2025\/10\/Plastik-Avadanlik-A500-2.png 750w, https:\/\/fatihplastik.online\/wp-content\/uploads\/2025\/10\/Plastik-Avadanlik-A500-2-300x219.png 300w\" sizes=\"auto, (max-width: 750px) 100vw, 750px\" \/><\/figure>\n<\/div><\/div>\n\n\n\n<div class=\"wp-block-uagb-container uagb-block-802ea240 alignfull uagb-is-root-container\"><div class=\"uagb-container-inner-blocks-wrap\"><\/div><\/div>\n\n\n\n<div class=\"wp-block-uagb-buttons uagb-buttons__outer-wrap uagb-btn__default-btn uagb-btn-tablet__default-btn uagb-btn-mobile__default-btn uagb-block-d9eee7a5\"><div class=\"uagb-buttons__wrap uagb-buttons-layout-wrap \">\n<div class=\"wp-block-uagb-buttons-child uagb-buttons__outer-wrap uagb-block-4269a8ab wp-block-button\"><div class=\"uagb-button__wrapper\"><a class=\"uagb-buttons-repeater wp-block-button__link\" aria-label=\"\" href=\"#\" rel=\"follow noopener\" target=\"_self\" role=\"button\"><div class=\"uagb-button__link\">Click Here<\/div><\/a><\/div><\/div>\n<\/div><\/div>\n\n\n\n<p>fatihplastik.online@fatihplastik.online<\/p>\n\n\n\n<p>0531 914 33 17<\/p>\n\n\n\n<p><\/p>\n","protected":false},"excerpt":{"rendered":"<p>fatihplastik.online@fatihplastik.online 0531 914 33 17<\/p>\n","protected":false},"author":1,"featured_media":0,"parent":0,"menu_order":0,"comment_status":"closed","ping_status":"closed","template":"","meta":{"_uag_custom_page_level_css":"","site-sidebar-layout":"no-sidebar","site-content-layout":"page-builder","ast-site-content-layout":"full-width-container","site-content-style":"unboxed","site-sidebar-style":"unboxed","ast-global-header-display":"","ast-banner-title-visibility":"","ast-main-header-display":"","ast-hfb-above-header-display":"","ast-hfb-below-header-display":"","ast-hfb-mobile-header-display":"","site-post-title":"disabled","ast-breadcrumbs-content":"","ast-featured-img":"disabled","footer-sml-layout":"","theme-transparent-header-meta":"enabled","adv-header-id-meta":"","stick-header-meta":"","header-above-stick-meta":"","header-main-stick-meta":"","header-below-stick-meta":"","astra-migrate-meta-layouts":"set","ast-page-background-enabled":"default","ast-page-background-meta":{"desktop":{"background-color":"","background-image":"","background-repeat":"repeat","background-position":"center center","background-size":"auto","background-attachment":"scroll","background-type":"","background-media":"","overlay-type":"","overlay-color":"","overlay-opacity":"","overlay-gradient":""},"tablet":{"background-color":"","background-image":"","background-repeat":"repeat","background-position":"center center","background-size":"auto","background-attachment":"scroll","background-type":"","background-media":"","overlay-type":"","overlay-color":"","overlay-opacity":"","overlay-gradient":""},"mobile":{"background-color":"","background-image":"","background-repeat":"repeat","background-position":"center center","background-size":"auto","background-attachment":"scroll","background-type":"","background-media":"","overlay-type":"","overlay-color":"","overlay-opacity":"","overlay-gradient":""}},"ast-content-background-meta":{"desktop":{"background-color":"var(--ast-global-color-5)","background-image":"","background-repeat":"repeat","background-position":"center center","background-size":"auto","background-attachment":"scroll","background-type":"","background-media":"","overlay-type":"","overlay-color":"","overlay-opacity":"","overlay-gradient":""},"tablet":{"background-color":"var(--ast-global-color-5)","background-image":"","background-repeat":"repeat","background-position":"center center","background-size":"auto","background-attachment":"scroll","background-type":"","background-media":"","overlay-type":"","overlay-color":"","overlay-opacity":"","overlay-gradient":""},"mobile":{"background-color":"var(--ast-global-color-5)","background-image":"","background-repeat":"repeat","background-position":"center center","background-size":"auto","background-attachment":"scroll","background-type":"","background-media":"","overlay-type":"","overlay-color":"","overlay-opacity":"","overlay-gradient":""}},"footnotes":""},"class_list":["post-1201","page","type-page","status-publish","hentry"],"aioseo_notices":[],"_hostinger_reach_plugin_has_subscription_block":false,"_hostinger_reach_plugin_is_elementor":false,"uagb_featured_image_src":{"full":false,"thumbnail":false,"medium":false,"medium_large":false,"large":false,"1536x1536":false,"2048x2048":false},"uagb_author_info":{"display_name":"busrayusuf5775@gmail.com","author_link":"https:\/\/fatihplastik.online\/?author=1"},"uagb_comment_info":0,"uagb_excerpt":"fatihplastik.online@fatihplastik.online 0531 914 33 17","_links":{"self":[{"href":"https:\/\/fatihplastik.online\/index.php?rest_route=\/wp\/v2\/pages\/1201","targetHints":{"allow":["GET"]}}],"collection":[{"href":"https:\/\/fatihplastik.online\/index.php?rest_route=\/wp\/v2\/pages"}],"about":[{"href":"https:\/\/fatihplastik.online\/index.php?rest_route=\/wp\/v2\/types\/page"}],"author":[{"embeddable":true,"href":"https:\/\/fatihplastik.online\/index.php?rest_route=\/wp\/v2\/users\/1"}],"replies":[{"embeddable":true,"href":"https:\/\/fatihplastik.online\/index.php?rest_route=%2Fwp%2Fv2%2Fcomments&post=1201"}],"version-history":[{"count":18,"href":"https:\/\/fatihplastik.online\/index.php?rest_route=\/wp\/v2\/pages\/1201\/revisions"}],"predecessor-version":[{"id":2727,"href":"https:\/\/fatihplastik.online\/index.php?rest_route=\/wp\/v2\/pages\/1201\/revisions\/2727"}],"wp:attachment":[{"href":"https:\/\/fatihplastik.online\/index.php?rest_route=%2Fwp%2Fv2%2Fmedia&parent=1201"}],"curies":[{"name":"wp","href":"https:\/\/api.w.org\/{rel}","templated":true}]}}